{"id":2488,"date":"2026-03-16T14:12:43","date_gmt":"2026-03-16T12:12:43","guid":{"rendered":"https:\/\/oleahomeopathica.com\/product\/theodosia-fresh-extra-virgin-olive-oil-3l-3pcs\/"},"modified":"2026-04-03T09:49:32","modified_gmt":"2026-04-03T07:49:32","slug":"theodosia-frisches-natives-olivenoel-extra-3l-3pcs","status":"publish","type":"product","link":"https:\/\/oleahomeopathica.com\/de\/produkt\/theodosia-frisches-natives-olivenoel-extra-3l-3pcs\/","title":{"rendered":"\u201cTHEODOSIA\u201d Frisches Natives Oliven\u00f6l Extra 3L (3pcs)"},"content":{"rendered":"<p><strong>\u0397ealth<\/strong><strong>claim<em>:<\/em><\/strong>\u00a0\u201cTheodosia\u201d Natives Oliven\u00f6l Extra aus hom\u00f6opathischem Anbau, reich an Polyphenolen, hat die von der EU-Kommission in der Verordnung\u00a0<a href=\"https:\/\/eur-lex.europa.eu\/legal-content\/EN\/TXT\/PDF\/?uri=CELEX:32012R0432&amp;from=EN\" target=\"_blank\" rel=\"noopener\">Nr. 432\/ 2012<\/a>\u00a0festgelegte gesundheitsbezogene Angabe erhalten. Die Polyphenole des Oliven\u00f6ls tragen zum Schutz der Blutfette vor oxidativem Stress bei. Die positive Wirkung wird bei einer t\u00e4glichen Aufnahme von 20 g Oliven\u00f6l pro Tag erreicht<\/p>\n<p><strong>Hom\u00f6opathischer Anbau<\/strong>: Das native Oliven\u00f6l extra \u201cTheodosia\u201d wurde ausschlie\u00dflich mit hom\u00f6opathischen Mitteln hergestellt, die sowohl zur Aktivierung des Bodens und zur Ern\u00e4hrung des Olivenbaums als auch zur Behandlung seiner Krankheiten eingesetzt wurden. Das Ziel war es, ein Oliven\u00f6l ausschlie\u00dflich basierend auf der Lebenskraft des Baumes herzustellen, wobei gleichzeitig der reinste und nat\u00fcrlichste Anbau erreicht werden soll.<\/p>\n<p><strong>Frisches Natives Oliven\u00f6l Extra \u201cPDO SITIA\u201d:\u00a0<\/strong>Natives Oliven\u00f6l extra \u201cTheodosia\u201d mit einem S\u00e4uregehalt von weniger als 0,3% (siehe Zertifikat<strong><br \/>\n<a href=\"https:\/\/oleahomeopathica.com\/wp-content\/uploads\/2021\/07\/health_analysis.pdf\" target=\"_blank\" rel=\"noopener\">hier<\/a><br \/>\n<\/strong>) stammt von unseren Feldern in der mehrfach f\u00fcr ihr Oliven\u00f6l ausgezeichneten Region Sitia auf Kreta und ist ein Produkt mit \u201cgesch\u00fctzter Ursprungsbezeichnung\u201d. Die Methode zur Herstellung des Oliven\u00f6ls ist Kaltextraktion und seine einzige Sorte ist die Koroneiki-Sorte.<\/p>\n","protected":false},"excerpt":{"rendered":"<p>Natives Oliven\u00f6l extra: S\u00e4uregehalt&lt;0,3<\/p>\n<p>Fr\u00fche Ernte,<\/p>\n<p>Nettogewicht: 3L x3<\/p>\n<p>Abgef\u00fcllt von\u00a0<a href=\"https:\/\/www.critida.com\/\" target=\"_blank\" rel=\"noopener\">Bio Cretan Olive Oil LTD<\/a><\/p>\n<p>PRODUKT AUS GRIECHENLAND<\/p>\n<p>EL 40317<\/p>\n<h4 class=\"vc_custom_heading wpb_animate_when_almost_visible wpb_bottom-to-top bottom-to-top wpb_start_animation animated\" data-mobile-text-align=\"center\" data-tablet-text-align=\"center\"><b>Kostenloser Transport<\/b><\/h4>\n","protected":false},"featured_media":2489,"template":"","meta":[],"product_brand":[],"product_cat":[37],"product_tag":[],"class_list":{"0":"post-2488","1":"product","2":"type-product","3":"status-publish","4":"has-post-thumbnail","6":"product_cat-natives-olivenol-extra","8":"first","9":"instock","10":"shipping-taxable","11":"purchasable","12":"product-type-simple"},"yoast_head":"<!-- This site is optimized with the Yoast SEO plugin v27.1.1 - https:\/\/yoast.com\/product\/yoast-seo-wordpress\/ -->\n<title>\u201cTHEODOSIA\u201d Frisches Natives Oliven\u00f6l Extra 3L (3pcs) - Olea Homeopathica<\/title>\n<meta name=\"robots\" content=\"index, follow, max-snippet:-1, max-image-preview:large, max-video-preview:-1\" \/>\n<link rel=\"canonical\" href=\"https:\/\/oleahomeopathica.com\/de\/produkt\/theodosia-frisches-natives-olivenoel-extra-3l-3pcs\/\" \/>\n<meta property=\"og:locale\" content=\"de_DE\" \/>\n<meta property=\"og:type\" content=\"article\" \/>\n<meta property=\"og:title\" content=\"\u201cTHEODOSIA\u201d Frisches Natives Oliven\u00f6l Extra 3L (3pcs) - Olea Homeopathica\" \/>\n<meta property=\"og:description\" content=\"Natives Oliven\u00f6l extra: S\u00e4uregehalt&lt;0,3  Fr\u00fche Ernte,  Nettogewicht: 3L x3  Abgef\u00fcllt von\u00a0Bio Cretan Olive Oil LTD  PRODUKT AUS GRIECHENLAND  EL 40317 Kostenloser Transport\" \/>\n<meta property=\"og:url\" content=\"https:\/\/oleahomeopathica.com\/de\/produkt\/theodosia-frisches-natives-olivenoel-extra-3l-3pcs\/\" \/>\n<meta property=\"og:site_name\" content=\"Olea Homeopathica\" \/>\n<meta property=\"article:modified_time\" content=\"2026-04-03T07:49:32+00:00\" \/>\n<meta property=\"og:image\" content=\"https:\/\/oleahomeopathica.com\/wp-content\/uploads\/2016\/02\/Theodosia_3Lx3.jpg\" \/>\n\t<meta property=\"og:image:width\" content=\"1200\" \/>\n\t<meta property=\"og:image:height\" content=\"1600\" \/>\n\t<meta property=\"og:image:type\" content=\"image\/jpeg\" \/>\n<meta name=\"twitter:card\" content=\"summary_large_image\" \/>\n<meta name=\"twitter:label1\" content=\"Gesch\u00e4tzte Lesezeit\" \/>\n\t<meta name=\"twitter:data1\" content=\"1\u00a0Minute\" \/>\n<script type=\"application\/ld+json\" class=\"yoast-schema-graph\">{\"@context\":\"https:\/\/schema.org\",\"@graph\":[{\"@type\":\"WebPage\",\"@id\":\"https:\/\/oleahomeopathica.com\/de\/produkt\/theodosia-frisches-natives-olivenoel-extra-3l-3pcs\/\",\"url\":\"https:\/\/oleahomeopathica.com\/de\/produkt\/theodosia-frisches-natives-olivenoel-extra-3l-3pcs\/\",\"name\":\"\u201cTHEODOSIA\u201d Frisches Natives Oliven\u00f6l Extra 3L (3pcs) - Olea Homeopathica\",\"isPartOf\":{\"@id\":\"https:\/\/oleahomeopathica.com\/#website\"},\"primaryImageOfPage\":{\"@id\":\"https:\/\/oleahomeopathica.com\/de\/produkt\/theodosia-frisches-natives-olivenoel-extra-3l-3pcs\/#primaryimage\"},\"image\":{\"@id\":\"https:\/\/oleahomeopathica.com\/de\/produkt\/theodosia-frisches-natives-olivenoel-extra-3l-3pcs\/#primaryimage\"},\"thumbnailUrl\":\"https:\/\/oleahomeopathica.com\/wp-content\/uploads\/2016\/02\/Theodosia_3Lx3.jpg\",\"datePublished\":\"2026-03-16T12:12:43+00:00\",\"dateModified\":\"2026-04-03T07:49:32+00:00\",\"breadcrumb\":{\"@id\":\"https:\/\/oleahomeopathica.com\/de\/produkt\/theodosia-frisches-natives-olivenoel-extra-3l-3pcs\/#breadcrumb\"},\"inLanguage\":\"de\",\"potentialAction\":[{\"@type\":\"ReadAction\",\"target\":[\"https:\/\/oleahomeopathica.com\/de\/produkt\/theodosia-frisches-natives-olivenoel-extra-3l-3pcs\/\"]}]},{\"@type\":\"ImageObject\",\"inLanguage\":\"de\",\"@id\":\"https:\/\/oleahomeopathica.com\/de\/produkt\/theodosia-frisches-natives-olivenoel-extra-3l-3pcs\/#primaryimage\",\"url\":\"https:\/\/oleahomeopathica.com\/wp-content\/uploads\/2016\/02\/Theodosia_3Lx3.jpg\",\"contentUrl\":\"https:\/\/oleahomeopathica.com\/wp-content\/uploads\/2016\/02\/Theodosia_3Lx3.jpg\",\"width\":1200,\"height\":1600},{\"@type\":\"BreadcrumbList\",\"@id\":\"https:\/\/oleahomeopathica.com\/de\/produkt\/theodosia-frisches-natives-olivenoel-extra-3l-3pcs\/#breadcrumb\",\"itemListElement\":[{\"@type\":\"ListItem\",\"position\":1,\"name\":\"Home\",\"item\":\"https:\/\/oleahomeopathica.com\/de\/\"},{\"@type\":\"ListItem\",\"position\":2,\"name\":\"Shop\",\"item\":\"https:\/\/oleahomeopathica.com\/shop\/\"},{\"@type\":\"ListItem\",\"position\":3,\"name\":\"\u201cTHEODOSIA\u201d Frisches Natives Oliven\u00f6l Extra 3L (3pcs)\"}]},{\"@type\":\"WebSite\",\"@id\":\"https:\/\/oleahomeopathica.com\/#website\",\"url\":\"https:\/\/oleahomeopathica.com\/\",\"name\":\"Olea Homeopathica\",\"description\":\"beyond organic farming\",\"publisher\":{\"@id\":\"https:\/\/oleahomeopathica.com\/#organization\"},\"potentialAction\":[{\"@type\":\"SearchAction\",\"target\":{\"@type\":\"EntryPoint\",\"urlTemplate\":\"https:\/\/oleahomeopathica.com\/?s={search_term_string}\"},\"query-input\":{\"@type\":\"PropertyValueSpecification\",\"valueRequired\":true,\"valueName\":\"search_term_string\"}}],\"inLanguage\":\"de\"},{\"@type\":\"Organization\",\"@id\":\"https:\/\/oleahomeopathica.com\/#organization\",\"name\":\"Olea Homeopathica\",\"url\":\"https:\/\/oleahomeopathica.com\/\",\"logo\":{\"@type\":\"ImageObject\",\"inLanguage\":\"de\",\"@id\":\"https:\/\/oleahomeopathica.com\/#\/schema\/logo\/image\/\",\"url\":\"https:\/\/oleahomeopathica.com\/wp-content\/uploads\/2021\/07\/Olea-Homeopathica_logo_W.png\",\"contentUrl\":\"https:\/\/oleahomeopathica.com\/wp-content\/uploads\/2021\/07\/Olea-Homeopathica_logo_W.png\",\"width\":531,\"height\":177,\"caption\":\"Olea Homeopathica\"},\"image\":{\"@id\":\"https:\/\/oleahomeopathica.com\/#\/schema\/logo\/image\/\"}}]}<\/script>\n<!-- \/ Yoast SEO plugin. -->","yoast_head_json":{"title":"\u201cTHEODOSIA\u201d Frisches Natives Oliven\u00f6l Extra 3L (3pcs) - Olea Homeopathica","robots":{"index":"index","follow":"follow","max-snippet":"max-snippet:-1","max-image-preview":"max-image-preview:large","max-video-preview":"max-video-preview:-1"},"canonical":"https:\/\/oleahomeopathica.com\/de\/produkt\/theodosia-frisches-natives-olivenoel-extra-3l-3pcs\/","og_locale":"de_DE","og_type":"article","og_title":"\u201cTHEODOSIA\u201d Frisches Natives Oliven\u00f6l Extra 3L (3pcs) - Olea Homeopathica","og_description":"Natives Oliven\u00f6l extra: S\u00e4uregehalt&lt;0,3  Fr\u00fche Ernte,  Nettogewicht: 3L x3  Abgef\u00fcllt von\u00a0Bio Cretan Olive Oil LTD  PRODUKT AUS GRIECHENLAND  EL 40317 Kostenloser Transport","og_url":"https:\/\/oleahomeopathica.com\/de\/produkt\/theodosia-frisches-natives-olivenoel-extra-3l-3pcs\/","og_site_name":"Olea Homeopathica","article_modified_time":"2026-04-03T07:49:32+00:00","og_image":[{"width":1200,"height":1600,"url":"https:\/\/oleahomeopathica.com\/wp-content\/uploads\/2016\/02\/Theodosia_3Lx3.jpg","type":"image\/jpeg"}],"twitter_card":"summary_large_image","twitter_misc":{"Gesch\u00e4tzte Lesezeit":"1\u00a0Minute"},"schema":{"@context":"https:\/\/schema.org","@graph":[{"@type":"WebPage","@id":"https:\/\/oleahomeopathica.com\/de\/produkt\/theodosia-frisches-natives-olivenoel-extra-3l-3pcs\/","url":"https:\/\/oleahomeopathica.com\/de\/produkt\/theodosia-frisches-natives-olivenoel-extra-3l-3pcs\/","name":"\u201cTHEODOSIA\u201d Frisches Natives Oliven\u00f6l Extra 3L (3pcs) - Olea Homeopathica","isPartOf":{"@id":"https:\/\/oleahomeopathica.com\/#website"},"primaryImageOfPage":{"@id":"https:\/\/oleahomeopathica.com\/de\/produkt\/theodosia-frisches-natives-olivenoel-extra-3l-3pcs\/#primaryimage"},"image":{"@id":"https:\/\/oleahomeopathica.com\/de\/produkt\/theodosia-frisches-natives-olivenoel-extra-3l-3pcs\/#primaryimage"},"thumbnailUrl":"https:\/\/oleahomeopathica.com\/wp-content\/uploads\/2016\/02\/Theodosia_3Lx3.jpg","datePublished":"2026-03-16T12:12:43+00:00","dateModified":"2026-04-03T07:49:32+00:00","breadcrumb":{"@id":"https:\/\/oleahomeopathica.com\/de\/produkt\/theodosia-frisches-natives-olivenoel-extra-3l-3pcs\/#breadcrumb"},"inLanguage":"de","potentialAction":[{"@type":"ReadAction","target":["https:\/\/oleahomeopathica.com\/de\/produkt\/theodosia-frisches-natives-olivenoel-extra-3l-3pcs\/"]}]},{"@type":"ImageObject","inLanguage":"de","@id":"https:\/\/oleahomeopathica.com\/de\/produkt\/theodosia-frisches-natives-olivenoel-extra-3l-3pcs\/#primaryimage","url":"https:\/\/oleahomeopathica.com\/wp-content\/uploads\/2016\/02\/Theodosia_3Lx3.jpg","contentUrl":"https:\/\/oleahomeopathica.com\/wp-content\/uploads\/2016\/02\/Theodosia_3Lx3.jpg","width":1200,"height":1600},{"@type":"BreadcrumbList","@id":"https:\/\/oleahomeopathica.com\/de\/produkt\/theodosia-frisches-natives-olivenoel-extra-3l-3pcs\/#breadcrumb","itemListElement":[{"@type":"ListItem","position":1,"name":"Home","item":"https:\/\/oleahomeopathica.com\/de\/"},{"@type":"ListItem","position":2,"name":"Shop","item":"https:\/\/oleahomeopathica.com\/shop\/"},{"@type":"ListItem","position":3,"name":"\u201cTHEODOSIA\u201d Frisches Natives Oliven\u00f6l Extra 3L (3pcs)"}]},{"@type":"WebSite","@id":"https:\/\/oleahomeopathica.com\/#website","url":"https:\/\/oleahomeopathica.com\/","name":"Olea Homeopathica","description":"beyond organic farming","publisher":{"@id":"https:\/\/oleahomeopathica.com\/#organization"},"potentialAction":[{"@type":"SearchAction","target":{"@type":"EntryPoint","urlTemplate":"https:\/\/oleahomeopathica.com\/?s={search_term_string}"},"query-input":{"@type":"PropertyValueSpecification","valueRequired":true,"valueName":"search_term_string"}}],"inLanguage":"de"},{"@type":"Organization","@id":"https:\/\/oleahomeopathica.com\/#organization","name":"Olea Homeopathica","url":"https:\/\/oleahomeopathica.com\/","logo":{"@type":"ImageObject","inLanguage":"de","@id":"https:\/\/oleahomeopathica.com\/#\/schema\/logo\/image\/","url":"https:\/\/oleahomeopathica.com\/wp-content\/uploads\/2021\/07\/Olea-Homeopathica_logo_W.png","contentUrl":"https:\/\/oleahomeopathica.com\/wp-content\/uploads\/2021\/07\/Olea-Homeopathica_logo_W.png","width":531,"height":177,"caption":"Olea Homeopathica"},"image":{"@id":"https:\/\/oleahomeopathica.com\/#\/schema\/logo\/image\/"}}]}},"_links":{"self":[{"href":"https:\/\/oleahomeopathica.com\/de\/wp-json\/wp\/v2\/product\/2488","targetHints":{"allow":["GET"]}}],"collection":[{"href":"https:\/\/oleahomeopathica.com\/de\/wp-json\/wp\/v2\/product"}],"about":[{"href":"https:\/\/oleahomeopathica.com\/de\/wp-json\/wp\/v2\/types\/product"}],"wp:featuredmedia":[{"embeddable":true,"href":"https:\/\/oleahomeopathica.com\/de\/wp-json\/wp\/v2\/media\/2489"}],"wp:attachment":[{"href":"https:\/\/oleahomeopathica.com\/de\/wp-json\/wp\/v2\/media?parent=2488"}],"wp:term":[{"taxonomy":"product_brand","embeddable":true,"href":"https:\/\/oleahomeopathica.com\/de\/wp-json\/wp\/v2\/product_brand?post=2488"},{"taxonomy":"product_cat","embeddable":true,"href":"https:\/\/oleahomeopathica.com\/de\/wp-json\/wp\/v2\/product_cat?post=2488"},{"taxonomy":"product_tag","embeddable":true,"href":"https:\/\/oleahomeopathica.com\/de\/wp-json\/wp\/v2\/product_tag?post=2488"}],"curies":[{"name":"wp","href":"https:\/\/api.w.org\/{rel}","templated":true}]}}