{"id":2302,"date":"2021-07-26T20:51:04","date_gmt":"2021-07-26T18:51:04","guid":{"rendered":"https:\/\/oleahomeopathica.com\/product\/theodosia-frisches-natives-olivenoel-extra\/"},"modified":"2021-07-26T20:51:04","modified_gmt":"2021-07-26T18:51:04","slug":"theodosia-frisches-extra-natives-olivenol","status":"publish","type":"product","link":"https:\/\/oleahomeopathica.com\/de\/produkt\/theodosia-frisches-extra-natives-olivenol\/","title":{"rendered":"&#8220;THEODOSIA&#8221; Frisches Natives Oliven\u00f6l Extra"},"content":{"rendered":"<p style=\"text-align: left\"><strong>Frisches Natives Oliven\u00f6l Extra &#8220;PDO SITIA&#8221;: <\/strong>Das native Oliven\u00f6l extra &#8220;Theodosia&#8221; mit einem S\u00e4uregehalt von weniger als 0,3 % stammt von unseren Feldern in dem f\u00fcr sein Oliven\u00f6l mehrfach ausgezeichneten Gebiet von Sitia auf Kreta und ist ein Produkt mit &#8220;gesch\u00fctzter Ursprungsbezeichnung&#8221;. Die Methode zur Herstellung des Oliven\u00f6ls ist Kaltextraktion und seine einzige Sorte ist die Koroneiki-Sorte.<\/p>\n<p><strong>Hom\u00f6opathischer Anbau<\/strong>: Das native Oliven\u00f6l extra &#8220;Theodosia&#8221; wurde ausschlie\u00dflich mit hom\u00f6opathischen Mitteln hergestellt, die sowohl zur Aktivierung des Bodens und zur Ern\u00e4hrung des Olivenbaums als auch zur Behandlung seiner Krankheiten eingesetzt wurden. Das Ziel war es, ein Oliven\u00f6l ausschlie\u00dflich basierend auf der Lebenskraft des Baumes herzustellen, wobei gleichzeitig der reinste und nat\u00fcrlichste Anbau erreicht werden soll.<\/p>\n","protected":false},"excerpt":{"rendered":"<p>Natives Oliven\u00f6l extra: S\u00e4uregehalt&lt;0,3<\/p>\n<p>Fr\u00fche Ernte,<\/p>\n<p>Nettogewicht: 500ml<\/p>\n<p>Abgef\u00fcllt von <a href=\"https:\/\/www.critida.com\" target=\"_blank\" rel=\"noopener\">Bio Cretan Olive Oil LTD<\/a><\/p>\n<p>PRODUKT AUS GRIECHENLAND<\/p>\n<p>EL 40317<\/p>\n","protected":false},"featured_media":2387,"template":"","meta":[],"product_brand":[],"product_cat":[24,37],"product_tag":[],"class_list":{"0":"post-2302","1":"product","2":"type-product","3":"status-publish","4":"has-post-thumbnail","6":"product_cat-extra-virgin-olive-oil","7":"product_cat-natives-olivenol-extra","9":"first","10":"instock","11":"shipping-taxable","12":"purchasable","13":"product-type-simple"},"yoast_head":"<!-- This site is optimized with the Yoast SEO plugin v27.1.1 - https:\/\/yoast.com\/product\/yoast-seo-wordpress\/ -->\n<title>&quot;THEODOSIA&quot; Frisches Natives Oliven\u00f6l Extra - Olea Homeopathica<\/title>\n<meta name=\"robots\" content=\"index, follow, max-snippet:-1, max-image-preview:large, max-video-preview:-1\" \/>\n<link rel=\"canonical\" href=\"https:\/\/oleahomeopathica.com\/de\/produkt\/theodosia-frisches-extra-natives-olivenol\/\" \/>\n<meta property=\"og:locale\" content=\"de_DE\" \/>\n<meta property=\"og:type\" content=\"article\" \/>\n<meta property=\"og:title\" content=\"&quot;THEODOSIA&quot; Frisches Natives Oliven\u00f6l Extra - Olea Homeopathica\" \/>\n<meta property=\"og:description\" content=\"Natives Oliven\u00f6l extra: S\u00e4uregehalt&lt;0,3 Fr\u00fche Ernte, Nettogewicht: 500ml Abgef\u00fcllt von Bio Cretan Olive Oil LTD PRODUKT AUS GRIECHENLAND EL 40317\" \/>\n<meta property=\"og:url\" content=\"https:\/\/oleahomeopathica.com\/de\/produkt\/theodosia-frisches-extra-natives-olivenol\/\" \/>\n<meta property=\"og:site_name\" content=\"Olea Homeopathica\" \/>\n<meta property=\"og:image\" content=\"https:\/\/oleahomeopathica.com\/wp-content\/uploads\/2016\/02\/3.jpg\" \/>\n\t<meta property=\"og:image:width\" content=\"391\" \/>\n\t<meta property=\"og:image:height\" content=\"640\" \/>\n\t<meta property=\"og:image:type\" content=\"image\/jpeg\" \/>\n<meta name=\"twitter:card\" content=\"summary_large_image\" \/>\n<meta name=\"twitter:label1\" content=\"Gesch\u00e4tzte Lesezeit\" \/>\n\t<meta name=\"twitter:data1\" content=\"1\u00a0Minute\" \/>\n<script type=\"application\/ld+json\" class=\"yoast-schema-graph\">{\"@context\":\"https:\/\/schema.org\",\"@graph\":[{\"@type\":\"WebPage\",\"@id\":\"https:\/\/oleahomeopathica.com\/de\/produkt\/theodosia-frisches-extra-natives-olivenol\/\",\"url\":\"https:\/\/oleahomeopathica.com\/de\/produkt\/theodosia-frisches-extra-natives-olivenol\/\",\"name\":\"\\\"THEODOSIA\\\" Frisches Natives Oliven\u00f6l Extra - Olea Homeopathica\",\"isPartOf\":{\"@id\":\"https:\/\/oleahomeopathica.com\/#website\"},\"primaryImageOfPage\":{\"@id\":\"https:\/\/oleahomeopathica.com\/de\/produkt\/theodosia-frisches-extra-natives-olivenol\/#primaryimage\"},\"image\":{\"@id\":\"https:\/\/oleahomeopathica.com\/de\/produkt\/theodosia-frisches-extra-natives-olivenol\/#primaryimage\"},\"thumbnailUrl\":\"https:\/\/oleahomeopathica.com\/wp-content\/uploads\/2025\/11\/Gold-berlin-award-2025.png\",\"datePublished\":\"2021-07-26T18:51:04+00:00\",\"breadcrumb\":{\"@id\":\"https:\/\/oleahomeopathica.com\/de\/produkt\/theodosia-frisches-extra-natives-olivenol\/#breadcrumb\"},\"inLanguage\":\"de\",\"potentialAction\":[{\"@type\":\"ReadAction\",\"target\":[\"https:\/\/oleahomeopathica.com\/de\/produkt\/theodosia-frisches-extra-natives-olivenol\/\"]}]},{\"@type\":\"ImageObject\",\"inLanguage\":\"de\",\"@id\":\"https:\/\/oleahomeopathica.com\/de\/produkt\/theodosia-frisches-extra-natives-olivenol\/#primaryimage\",\"url\":\"https:\/\/oleahomeopathica.com\/wp-content\/uploads\/2025\/11\/Gold-berlin-award-2025.png\",\"contentUrl\":\"https:\/\/oleahomeopathica.com\/wp-content\/uploads\/2025\/11\/Gold-berlin-award-2025.png\",\"width\":332,\"height\":576},{\"@type\":\"BreadcrumbList\",\"@id\":\"https:\/\/oleahomeopathica.com\/de\/produkt\/theodosia-frisches-extra-natives-olivenol\/#breadcrumb\",\"itemListElement\":[{\"@type\":\"ListItem\",\"position\":1,\"name\":\"Home\",\"item\":\"https:\/\/oleahomeopathica.com\/de\/\"},{\"@type\":\"ListItem\",\"position\":2,\"name\":\"Shop\",\"item\":\"https:\/\/oleahomeopathica.com\/shop\/\"},{\"@type\":\"ListItem\",\"position\":3,\"name\":\"&#8220;THEODOSIA&#8221; Frisches Natives Oliven\u00f6l Extra\"}]},{\"@type\":\"WebSite\",\"@id\":\"https:\/\/oleahomeopathica.com\/#website\",\"url\":\"https:\/\/oleahomeopathica.com\/\",\"name\":\"Olea Homeopathica\",\"description\":\"beyond organic farming\",\"publisher\":{\"@id\":\"https:\/\/oleahomeopathica.com\/#organization\"},\"potentialAction\":[{\"@type\":\"SearchAction\",\"target\":{\"@type\":\"EntryPoint\",\"urlTemplate\":\"https:\/\/oleahomeopathica.com\/?s={search_term_string}\"},\"query-input\":{\"@type\":\"PropertyValueSpecification\",\"valueRequired\":true,\"valueName\":\"search_term_string\"}}],\"inLanguage\":\"de\"},{\"@type\":\"Organization\",\"@id\":\"https:\/\/oleahomeopathica.com\/#organization\",\"name\":\"Olea Homeopathica\",\"url\":\"https:\/\/oleahomeopathica.com\/\",\"logo\":{\"@type\":\"ImageObject\",\"inLanguage\":\"de\",\"@id\":\"https:\/\/oleahomeopathica.com\/#\/schema\/logo\/image\/\",\"url\":\"https:\/\/oleahomeopathica.com\/wp-content\/uploads\/2021\/07\/Olea-Homeopathica_logo_W.png\",\"contentUrl\":\"https:\/\/oleahomeopathica.com\/wp-content\/uploads\/2021\/07\/Olea-Homeopathica_logo_W.png\",\"width\":531,\"height\":177,\"caption\":\"Olea Homeopathica\"},\"image\":{\"@id\":\"https:\/\/oleahomeopathica.com\/#\/schema\/logo\/image\/\"}}]}<\/script>\n<!-- \/ Yoast SEO plugin. -->","yoast_head_json":{"title":"\"THEODOSIA\" Frisches Natives Oliven\u00f6l Extra - Olea Homeopathica","robots":{"index":"index","follow":"follow","max-snippet":"max-snippet:-1","max-image-preview":"max-image-preview:large","max-video-preview":"max-video-preview:-1"},"canonical":"https:\/\/oleahomeopathica.com\/de\/produkt\/theodosia-frisches-extra-natives-olivenol\/","og_locale":"de_DE","og_type":"article","og_title":"\"THEODOSIA\" Frisches Natives Oliven\u00f6l Extra - Olea Homeopathica","og_description":"Natives Oliven\u00f6l extra: S\u00e4uregehalt&lt;0,3 Fr\u00fche Ernte, Nettogewicht: 500ml Abgef\u00fcllt von Bio Cretan Olive Oil LTD PRODUKT AUS GRIECHENLAND EL 40317","og_url":"https:\/\/oleahomeopathica.com\/de\/produkt\/theodosia-frisches-extra-natives-olivenol\/","og_site_name":"Olea Homeopathica","og_image":[{"width":391,"height":640,"url":"https:\/\/oleahomeopathica.com\/wp-content\/uploads\/2016\/02\/3.jpg","type":"image\/jpeg"}],"twitter_card":"summary_large_image","twitter_misc":{"Gesch\u00e4tzte Lesezeit":"1\u00a0Minute"},"schema":{"@context":"https:\/\/schema.org","@graph":[{"@type":"WebPage","@id":"https:\/\/oleahomeopathica.com\/de\/produkt\/theodosia-frisches-extra-natives-olivenol\/","url":"https:\/\/oleahomeopathica.com\/de\/produkt\/theodosia-frisches-extra-natives-olivenol\/","name":"\"THEODOSIA\" Frisches Natives Oliven\u00f6l Extra - Olea Homeopathica","isPartOf":{"@id":"https:\/\/oleahomeopathica.com\/#website"},"primaryImageOfPage":{"@id":"https:\/\/oleahomeopathica.com\/de\/produkt\/theodosia-frisches-extra-natives-olivenol\/#primaryimage"},"image":{"@id":"https:\/\/oleahomeopathica.com\/de\/produkt\/theodosia-frisches-extra-natives-olivenol\/#primaryimage"},"thumbnailUrl":"https:\/\/oleahomeopathica.com\/wp-content\/uploads\/2025\/11\/Gold-berlin-award-2025.png","datePublished":"2021-07-26T18:51:04+00:00","breadcrumb":{"@id":"https:\/\/oleahomeopathica.com\/de\/produkt\/theodosia-frisches-extra-natives-olivenol\/#breadcrumb"},"inLanguage":"de","potentialAction":[{"@type":"ReadAction","target":["https:\/\/oleahomeopathica.com\/de\/produkt\/theodosia-frisches-extra-natives-olivenol\/"]}]},{"@type":"ImageObject","inLanguage":"de","@id":"https:\/\/oleahomeopathica.com\/de\/produkt\/theodosia-frisches-extra-natives-olivenol\/#primaryimage","url":"https:\/\/oleahomeopathica.com\/wp-content\/uploads\/2025\/11\/Gold-berlin-award-2025.png","contentUrl":"https:\/\/oleahomeopathica.com\/wp-content\/uploads\/2025\/11\/Gold-berlin-award-2025.png","width":332,"height":576},{"@type":"BreadcrumbList","@id":"https:\/\/oleahomeopathica.com\/de\/produkt\/theodosia-frisches-extra-natives-olivenol\/#breadcrumb","itemListElement":[{"@type":"ListItem","position":1,"name":"Home","item":"https:\/\/oleahomeopathica.com\/de\/"},{"@type":"ListItem","position":2,"name":"Shop","item":"https:\/\/oleahomeopathica.com\/shop\/"},{"@type":"ListItem","position":3,"name":"&#8220;THEODOSIA&#8221; Frisches Natives Oliven\u00f6l Extra"}]},{"@type":"WebSite","@id":"https:\/\/oleahomeopathica.com\/#website","url":"https:\/\/oleahomeopathica.com\/","name":"Olea Homeopathica","description":"beyond organic farming","publisher":{"@id":"https:\/\/oleahomeopathica.com\/#organization"},"potentialAction":[{"@type":"SearchAction","target":{"@type":"EntryPoint","urlTemplate":"https:\/\/oleahomeopathica.com\/?s={search_term_string}"},"query-input":{"@type":"PropertyValueSpecification","valueRequired":true,"valueName":"search_term_string"}}],"inLanguage":"de"},{"@type":"Organization","@id":"https:\/\/oleahomeopathica.com\/#organization","name":"Olea Homeopathica","url":"https:\/\/oleahomeopathica.com\/","logo":{"@type":"ImageObject","inLanguage":"de","@id":"https:\/\/oleahomeopathica.com\/#\/schema\/logo\/image\/","url":"https:\/\/oleahomeopathica.com\/wp-content\/uploads\/2021\/07\/Olea-Homeopathica_logo_W.png","contentUrl":"https:\/\/oleahomeopathica.com\/wp-content\/uploads\/2021\/07\/Olea-Homeopathica_logo_W.png","width":531,"height":177,"caption":"Olea Homeopathica"},"image":{"@id":"https:\/\/oleahomeopathica.com\/#\/schema\/logo\/image\/"}}]}},"_links":{"self":[{"href":"https:\/\/oleahomeopathica.com\/de\/wp-json\/wp\/v2\/product\/2302","targetHints":{"allow":["GET"]}}],"collection":[{"href":"https:\/\/oleahomeopathica.com\/de\/wp-json\/wp\/v2\/product"}],"about":[{"href":"https:\/\/oleahomeopathica.com\/de\/wp-json\/wp\/v2\/types\/product"}],"wp:featuredmedia":[{"embeddable":true,"href":"https:\/\/oleahomeopathica.com\/de\/wp-json\/wp\/v2\/media\/2387"}],"wp:attachment":[{"href":"https:\/\/oleahomeopathica.com\/de\/wp-json\/wp\/v2\/media?parent=2302"}],"wp:term":[{"taxonomy":"product_brand","embeddable":true,"href":"https:\/\/oleahomeopathica.com\/de\/wp-json\/wp\/v2\/product_brand?post=2302"},{"taxonomy":"product_cat","embeddable":true,"href":"https:\/\/oleahomeopathica.com\/de\/wp-json\/wp\/v2\/product_cat?post=2302"},{"taxonomy":"product_tag","embeddable":true,"href":"https:\/\/oleahomeopathica.com\/de\/wp-json\/wp\/v2\/product_tag?post=2302"}],"curies":[{"name":"wp","href":"https:\/\/api.w.org\/{rel}","templated":true}]}}