{"id":2254,"date":"2021-09-10T09:49:02","date_gmt":"2021-09-10T07:49:02","guid":{"rendered":"https:\/\/oleahomeopathica.com\/rueckgabe\/"},"modified":"2022-07-21T11:09:21","modified_gmt":"2022-07-21T09:09:21","slug":"rueckgabe","status":"publish","type":"page","link":"https:\/\/oleahomeopathica.com\/de\/rueckgabe\/","title":{"rendered":"R\u00fcckgabe"},"content":{"rendered":"<p>[vc_row][vc_column][vc_column_text]<strong>R\u00fcckgabe<\/strong><\/p>\n<p><span lang=\"en-US\">Um f\u00fcr eine R\u00fcckgabe in Frage zu kommen, muss Ihr Artikel unbenutzt sein und sich in demselben Zustand befinden, in dem Sie ihn erhalten haben. Au\u00dferdem muss es sich in der Originalverpackung befinden. Sie m\u00fcssen innerhalb von 3-4 Tagen nach dem Kauf zur\u00fcckgeben.<\/span><\/p>\n<p><span lang=\"en-US\"><strong>Erstattungen<\/strong> (falls zutreffend)<\/span><\/p>\n<p><span lang=\"en-US\">Sobald wir Ihre R\u00fccksendung erhalten und gepr\u00fcft haben, senden wir Ihnen eine E-Mail, um Sie dar\u00fcber zu informieren, dass wir Ihren zur\u00fcckgesandten Artikel erhalten haben. Wir werden Sie auch \u00fcber die Genehmigung oder Ablehnung Ihrer Erstattung informieren.<\/span><\/p>\n<p><span lang=\"en-US\">Wenn Sie die Genehmigung erhalten, wird Ihre R\u00fcckerstattung bearbeitet und eine Gutschrift auf Ihre Kreditkarte oder Ihre urspr\u00fcngliche Zahlungsmethode wird innerhalb einer bestimmten Anzahl von Tagen automatisch vorgenommen.<\/span><\/p>\n<p><span lang=\"en-US\"><strong>Versp\u00e4tete oder fehlende Erstattungen<\/strong> (falls zutreffend)<\/span><\/p>\n<p><span lang=\"en-US\">Wenn Sie noch keine R\u00fcckerstattung erhalten haben, pr\u00fcfen Sie zun\u00e4chst Ihr Bankkonto erneut.<\/span><\/p>\n<p><span lang=\"en-US\">Wenden Sie sich dann an Ihr Kreditkartenunternehmen, denn es kann einige Zeit dauern, bis Ihre R\u00fcckerstattung offiziell verbucht wird.<\/span><\/p>\n<p><span lang=\"en-US\">Wenden Sie sich dann an Ihre Bank. Bis eine Erstattung verbucht wird, vergeht oft eine gewisse Bearbeitungszeit.<\/span><\/p>\n<p><span lang=\"en-US\">Wenn Sie all dies getan haben und Ihre R\u00fcckerstattung immer noch nicht erhalten haben, kontaktieren Sie uns bitte unter info@oleahomeopathica.com<\/span><\/p>\n<p><span lang=\"en-US\"><strong>Umtausch<\/strong> (falls zutreffend)<\/span><\/p>\n<p><span lang=\"en-US\">Wir ersetzen nur Artikel, wenn sie defekt oder besch\u00e4digt sind. Wenn Sie es f\u00fcr den gleichen Artikel umtauschen m\u00fcssen, senden Sie uns eine E-Mail an info@oleahomeopathica.com und wird Anweisung auf den Versand.<\/span><\/p>\n<p><strong><span lang=\"en-US\">Versand-R\u00fcckerstattungspolitik<\/span><\/strong><\/p>\n<p><span lang=\"en-US\">OLEA HOMEOPATHICA akzeptiert R\u00fccksendungen von unge\u00f6ffneten Produkten (gegen Erstattung der Versandkosten). Bitte kontaktieren Sie uns, um uns den Grund f\u00fcr Ihre R\u00fccksendung mitzuteilen, und schicken Sie die unge\u00f6ffnete Schachtel mit den \u00d6len an:<\/span><\/p>\n<p><span lang=\"en-US\">OLEA HOM\u00d6OPATHICA  <\/span><\/p>\n<p><span lang=\"en-US\">Nikolaos Skarvelakis<\/span><\/p>\n<p><span lang=\"en-US\">Dimokratias 15, Heraklion<\/span><\/p>\n<p><span lang=\"en-US\">71306, Kreta, Hellas.<\/span><\/p>\n<p><span lang=\"en-US\">Tel +(30)-2810223357<\/span><\/p>\n<p><span lang=\"en-US\">E-Mail: <a href=\"mailto:info@oleahomeopathica.com\">info@oleahomeopathica.com<\/a><\/span><\/p>\n<p>&nbsp;[\/vc_column_text][\/vc_column][\/vc_row]<\/p>\n","protected":false},"excerpt":{"rendered":"<p>[vc_row][vc_column][vc_column_text]R\u00fcckgabe Um f\u00fcr eine R\u00fcckgabe in Frage zu kommen, muss Ihr Artikel unbenutzt sein und sich in demselben Zustand befinden, in dem Sie ihn erhalten haben. Au\u00dferdem muss es sich in der Originalverpackung befinden. Sie m\u00fcssen innerhalb von 3-4 Tagen nach dem Kauf zur\u00fcckgeben. Erstattungen (falls zutreffend) Sobald wir Ihre R\u00fccksendung erhalten und gepr\u00fcft haben,&#8230;<\/p>\n","protected":false},"author":1,"featured_media":0,"parent":0,"menu_order":0,"comment_status":"closed","ping_status":"closed","template":"","meta":{"footnotes":""},"class_list":["post-2254","page","type-page","status-publish","hentry"],"yoast_head":"<!-- This site is optimized with the Yoast SEO plugin v27.1.1 - https:\/\/yoast.com\/product\/yoast-seo-wordpress\/ -->\n<title>R\u00fcckgabe - Olea Homeopathica<\/title>\n<meta name=\"robots\" content=\"index, follow, max-snippet:-1, max-image-preview:large, max-video-preview:-1\" \/>\n<link rel=\"canonical\" href=\"https:\/\/oleahomeopathica.com\/de\/rueckgabe\/\" \/>\n<meta property=\"og:locale\" content=\"de_DE\" \/>\n<meta property=\"og:type\" content=\"article\" \/>\n<meta property=\"og:title\" content=\"R\u00fcckgabe - Olea Homeopathica\" \/>\n<meta property=\"og:description\" content=\"[vc_row][vc_column][vc_column_text]R\u00fcckgabe Um f\u00fcr eine R\u00fcckgabe in Frage zu kommen, muss Ihr Artikel unbenutzt sein und sich in demselben Zustand befinden, in dem Sie ihn erhalten haben. Au\u00dferdem muss es sich in der Originalverpackung befinden. Sie m\u00fcssen innerhalb von 3-4 Tagen nach dem Kauf zur\u00fcckgeben. Erstattungen (falls zutreffend) Sobald wir Ihre R\u00fccksendung erhalten und gepr\u00fcft haben,...\" \/>\n<meta property=\"og:url\" content=\"https:\/\/oleahomeopathica.com\/de\/rueckgabe\/\" \/>\n<meta property=\"og:site_name\" content=\"Olea Homeopathica\" \/>\n<meta property=\"article:modified_time\" content=\"2022-07-21T09:09:21+00:00\" \/>\n<meta name=\"twitter:card\" content=\"summary_large_image\" \/>\n<meta name=\"twitter:label1\" content=\"Gesch\u00e4tzte Lesezeit\" \/>\n\t<meta name=\"twitter:data1\" content=\"2\u00a0Minuten\" \/>\n<script type=\"application\/ld+json\" class=\"yoast-schema-graph\">{\"@context\":\"https:\/\/schema.org\",\"@graph\":[{\"@type\":\"WebPage\",\"@id\":\"https:\/\/oleahomeopathica.com\/de\/rueckgabe\/\",\"url\":\"https:\/\/oleahomeopathica.com\/de\/rueckgabe\/\",\"name\":\"R\u00fcckgabe - Olea Homeopathica\",\"isPartOf\":{\"@id\":\"https:\/\/oleahomeopathica.com\/#website\"},\"datePublished\":\"2021-09-10T07:49:02+00:00\",\"dateModified\":\"2022-07-21T09:09:21+00:00\",\"breadcrumb\":{\"@id\":\"https:\/\/oleahomeopathica.com\/de\/rueckgabe\/#breadcrumb\"},\"inLanguage\":\"de\",\"potentialAction\":[{\"@type\":\"ReadAction\",\"target\":[\"https:\/\/oleahomeopathica.com\/de\/rueckgabe\/\"]}]},{\"@type\":\"BreadcrumbList\",\"@id\":\"https:\/\/oleahomeopathica.com\/de\/rueckgabe\/#breadcrumb\",\"itemListElement\":[{\"@type\":\"ListItem\",\"position\":1,\"name\":\"Home\",\"item\":\"https:\/\/oleahomeopathica.com\/de\/\"},{\"@type\":\"ListItem\",\"position\":2,\"name\":\"R\u00fcckgabe\"}]},{\"@type\":\"WebSite\",\"@id\":\"https:\/\/oleahomeopathica.com\/#website\",\"url\":\"https:\/\/oleahomeopathica.com\/\",\"name\":\"Olea Homeopathica\",\"description\":\"beyond organic farming\",\"publisher\":{\"@id\":\"https:\/\/oleahomeopathica.com\/#organization\"},\"potentialAction\":[{\"@type\":\"SearchAction\",\"target\":{\"@type\":\"EntryPoint\",\"urlTemplate\":\"https:\/\/oleahomeopathica.com\/?s={search_term_string}\"},\"query-input\":{\"@type\":\"PropertyValueSpecification\",\"valueRequired\":true,\"valueName\":\"search_term_string\"}}],\"inLanguage\":\"de\"},{\"@type\":\"Organization\",\"@id\":\"https:\/\/oleahomeopathica.com\/#organization\",\"name\":\"Olea Homeopathica\",\"url\":\"https:\/\/oleahomeopathica.com\/\",\"logo\":{\"@type\":\"ImageObject\",\"inLanguage\":\"de\",\"@id\":\"https:\/\/oleahomeopathica.com\/#\/schema\/logo\/image\/\",\"url\":\"https:\/\/oleahomeopathica.com\/wp-content\/uploads\/2021\/07\/Olea-Homeopathica_logo_W.png\",\"contentUrl\":\"https:\/\/oleahomeopathica.com\/wp-content\/uploads\/2021\/07\/Olea-Homeopathica_logo_W.png\",\"width\":531,\"height\":177,\"caption\":\"Olea Homeopathica\"},\"image\":{\"@id\":\"https:\/\/oleahomeopathica.com\/#\/schema\/logo\/image\/\"}}]}<\/script>\n<!-- \/ Yoast SEO plugin. -->","yoast_head_json":{"title":"R\u00fcckgabe - Olea Homeopathica","robots":{"index":"index","follow":"follow","max-snippet":"max-snippet:-1","max-image-preview":"max-image-preview:large","max-video-preview":"max-video-preview:-1"},"canonical":"https:\/\/oleahomeopathica.com\/de\/rueckgabe\/","og_locale":"de_DE","og_type":"article","og_title":"R\u00fcckgabe - Olea Homeopathica","og_description":"[vc_row][vc_column][vc_column_text]R\u00fcckgabe Um f\u00fcr eine R\u00fcckgabe in Frage zu kommen, muss Ihr Artikel unbenutzt sein und sich in demselben Zustand befinden, in dem Sie ihn erhalten haben. Au\u00dferdem muss es sich in der Originalverpackung befinden. Sie m\u00fcssen innerhalb von 3-4 Tagen nach dem Kauf zur\u00fcckgeben. Erstattungen (falls zutreffend) Sobald wir Ihre R\u00fccksendung erhalten und gepr\u00fcft haben,...","og_url":"https:\/\/oleahomeopathica.com\/de\/rueckgabe\/","og_site_name":"Olea Homeopathica","article_modified_time":"2022-07-21T09:09:21+00:00","twitter_card":"summary_large_image","twitter_misc":{"Gesch\u00e4tzte Lesezeit":"2\u00a0Minuten"},"schema":{"@context":"https:\/\/schema.org","@graph":[{"@type":"WebPage","@id":"https:\/\/oleahomeopathica.com\/de\/rueckgabe\/","url":"https:\/\/oleahomeopathica.com\/de\/rueckgabe\/","name":"R\u00fcckgabe - Olea Homeopathica","isPartOf":{"@id":"https:\/\/oleahomeopathica.com\/#website"},"datePublished":"2021-09-10T07:49:02+00:00","dateModified":"2022-07-21T09:09:21+00:00","breadcrumb":{"@id":"https:\/\/oleahomeopathica.com\/de\/rueckgabe\/#breadcrumb"},"inLanguage":"de","potentialAction":[{"@type":"ReadAction","target":["https:\/\/oleahomeopathica.com\/de\/rueckgabe\/"]}]},{"@type":"BreadcrumbList","@id":"https:\/\/oleahomeopathica.com\/de\/rueckgabe\/#breadcrumb","itemListElement":[{"@type":"ListItem","position":1,"name":"Home","item":"https:\/\/oleahomeopathica.com\/de\/"},{"@type":"ListItem","position":2,"name":"R\u00fcckgabe"}]},{"@type":"WebSite","@id":"https:\/\/oleahomeopathica.com\/#website","url":"https:\/\/oleahomeopathica.com\/","name":"Olea Homeopathica","description":"beyond organic farming","publisher":{"@id":"https:\/\/oleahomeopathica.com\/#organization"},"potentialAction":[{"@type":"SearchAction","target":{"@type":"EntryPoint","urlTemplate":"https:\/\/oleahomeopathica.com\/?s={search_term_string}"},"query-input":{"@type":"PropertyValueSpecification","valueRequired":true,"valueName":"search_term_string"}}],"inLanguage":"de"},{"@type":"Organization","@id":"https:\/\/oleahomeopathica.com\/#organization","name":"Olea Homeopathica","url":"https:\/\/oleahomeopathica.com\/","logo":{"@type":"ImageObject","inLanguage":"de","@id":"https:\/\/oleahomeopathica.com\/#\/schema\/logo\/image\/","url":"https:\/\/oleahomeopathica.com\/wp-content\/uploads\/2021\/07\/Olea-Homeopathica_logo_W.png","contentUrl":"https:\/\/oleahomeopathica.com\/wp-content\/uploads\/2021\/07\/Olea-Homeopathica_logo_W.png","width":531,"height":177,"caption":"Olea Homeopathica"},"image":{"@id":"https:\/\/oleahomeopathica.com\/#\/schema\/logo\/image\/"}}]}},"_links":{"self":[{"href":"https:\/\/oleahomeopathica.com\/de\/wp-json\/wp\/v2\/pages\/2254","targetHints":{"allow":["GET"]}}],"collection":[{"href":"https:\/\/oleahomeopathica.com\/de\/wp-json\/wp\/v2\/pages"}],"about":[{"href":"https:\/\/oleahomeopathica.com\/de\/wp-json\/wp\/v2\/types\/page"}],"author":[{"embeddable":true,"href":"https:\/\/oleahomeopathica.com\/de\/wp-json\/wp\/v2\/users\/1"}],"replies":[{"embeddable":true,"href":"https:\/\/oleahomeopathica.com\/de\/wp-json\/wp\/v2\/comments?post=2254"}],"version-history":[{"count":0,"href":"https:\/\/oleahomeopathica.com\/de\/wp-json\/wp\/v2\/pages\/2254\/revisions"}],"wp:attachment":[{"href":"https:\/\/oleahomeopathica.com\/de\/wp-json\/wp\/v2\/media?parent=2254"}],"curies":[{"name":"wp","href":"https:\/\/api.w.org\/{rel}","templated":true}]}}