{"id":2251,"date":"2021-09-10T10:10:09","date_gmt":"2021-09-10T08:10:09","guid":{"rendered":"https:\/\/oleahomeopathica.com\/kundenbetreuung\/"},"modified":"2022-07-21T11:08:27","modified_gmt":"2022-07-21T09:08:27","slug":"kundenbetreuung","status":"publish","type":"page","link":"https:\/\/oleahomeopathica.com\/de\/kundenbetreuung\/","title":{"rendered":"Kundenbetreuung"},"content":{"rendered":"<p>[vc_row][vc_column][vc_column_text]<strong>Bestellung verfolgen<\/strong><\/p>\n<p>Alle Sendungen k\u00f6nnen online \u00fcber die Website unseres Partners tnt fedex verfolgt werden, unter https:\/\/www.tnt.com\/express\/en_gr\/site\/shipping-tools\/tracking.html<\/p>\n<p><strong>Informationen zum Versand<\/strong><\/p>\n<p>Bestellungen, die nach \u00d6sterreich, Belgien, Bulgarien, Frankreich, Deutschland, D\u00e4nemark, Gro\u00dfbritannien, Irland, Spanien, Italien, Zypern, Luxemburg, Niederlande, Ungarn, Polen, Portugal, Rum\u00e4nien, Slowakei, Schweden, Tschechische Republik und Finnland versandt werden, werden per Kurier (TNT &#8211; FedEx Economy Express) zu einem im Voraus festgelegten Termin und zu einem Preis von 15,00 \u20ac, einschlie\u00dflich Mehrwertsteuer, geliefert.<\/p>\n<p>Liefertage: Montag-Freitag von 09:00 bis 17:00 Uhr (Feiertage ausgenommen)<\/p>\n<p>Wenn Sie weitere Informationen ben\u00f6tigen, wenden Sie sich bitte an den Kundendienst von &#8220;Olea homeopathica&#8221; unter der Telefonnummer +30 2810223357 von 14:00 bis 16:00 Uhr oder <a href=\"mailto:info@oleahomeopathica.com\" target=\"_blank\" rel=\"noopener\">info@oleahomeopathica.com<\/a>.<\/p>\n<p>Alle unsere Produkte werden ausschlie\u00dflich in TNT FEDEX-Verpackungen versandt. Ein komplexes System von Halterungen macht diese Pakete zu den sichersten und zuverl\u00e4ssigsten auf dem Markt. Umweltfreundliche Verpackung: Das gesamte Paket ist zu 100 % recycelbar.<\/p>\n<p><strong>Zahlungsarten<\/strong><\/p>\n<p>&#8211; Bezahlen Sie mit Ihrer Debit- oder Kreditkarte<br \/>\nAlle Zahlungen \u00fcber Visa &amp; Mastercard, Debit- bzw. Kreditkarten, werden akzeptiert.<\/p>\n<p>&#8211; Bezahlung per \u00dcberweisung\/E-Banking<br \/>\nBezahlen Sie, indem Sie den gesamten Bestellwert auf eines der folgenden Konten \u00fcberweisen:<\/p>\n<p>GR29 0172 7530 0057 5310 3801 261<\/p>\n<p>Damit wir Ihre Bestellung bearbeiten k\u00f6nnen, m\u00fcssen Sie die Bank\u00fcberweisung innerhalb von 48 Stunden nach Auftragserteilung abschlie\u00dfen und uns ein gescanntes Dokument oder den elektronischen Bankbeleg per E-Mail an info@oleahomeopathica.com schicken, der die \u00dcberweisung best\u00e4tigt. Sollte die \u00dcberweisung nicht innerhalb von 48 Stunden abgeschlossen sein, wird Ihre Bestellung storniert.[\/vc_column_text][\/vc_column][\/vc_row]<\/p>\n","protected":false},"excerpt":{"rendered":"<p>[vc_row][vc_column][vc_column_text]Bestellung verfolgen Alle Sendungen k\u00f6nnen online \u00fcber die Website unseres Partners tnt fedex verfolgt werden, unter https:\/\/www.tnt.com\/express\/en_gr\/site\/shipping-tools\/tracking.html Informationen zum Versand Bestellungen, die nach \u00d6sterreich, Belgien, Bulgarien, Frankreich, Deutschland, D\u00e4nemark, Gro\u00dfbritannien, Irland, Spanien, Italien, Zypern, Luxemburg, Niederlande, Ungarn, Polen, Portugal, Rum\u00e4nien, Slowakei, Schweden, Tschechische Republik und Finnland versandt werden, werden per Kurier (TNT &#8211; FedEx Economy&#8230;<\/p>\n","protected":false},"author":1,"featured_media":0,"parent":0,"menu_order":0,"comment_status":"closed","ping_status":"closed","template":"","meta":{"footnotes":""},"class_list":["post-2251","page","type-page","status-publish","hentry"],"yoast_head":"<!-- This site is optimized with the Yoast SEO plugin v27.1.1 - https:\/\/yoast.com\/product\/yoast-seo-wordpress\/ -->\n<title>Kundenbetreuung - Olea Homeopathica<\/title>\n<meta name=\"robots\" content=\"index, follow, max-snippet:-1, max-image-preview:large, max-video-preview:-1\" \/>\n<link rel=\"canonical\" href=\"https:\/\/oleahomeopathica.com\/de\/kundenbetreuung\/\" \/>\n<meta property=\"og:locale\" content=\"de_DE\" \/>\n<meta property=\"og:type\" content=\"article\" \/>\n<meta property=\"og:title\" content=\"Kundenbetreuung - Olea Homeopathica\" \/>\n<meta property=\"og:description\" content=\"[vc_row][vc_column][vc_column_text]Bestellung verfolgen Alle Sendungen k\u00f6nnen online \u00fcber die Website unseres Partners tnt fedex verfolgt werden, unter https:\/\/www.tnt.com\/express\/en_gr\/site\/shipping-tools\/tracking.html Informationen zum Versand Bestellungen, die nach \u00d6sterreich, Belgien, Bulgarien, Frankreich, Deutschland, D\u00e4nemark, Gro\u00dfbritannien, Irland, Spanien, Italien, Zypern, Luxemburg, Niederlande, Ungarn, Polen, Portugal, Rum\u00e4nien, Slowakei, Schweden, Tschechische Republik und Finnland versandt werden, werden per Kurier (TNT &#8211; FedEx Economy...\" \/>\n<meta property=\"og:url\" content=\"https:\/\/oleahomeopathica.com\/de\/kundenbetreuung\/\" \/>\n<meta property=\"og:site_name\" content=\"Olea Homeopathica\" \/>\n<meta property=\"article:modified_time\" content=\"2022-07-21T09:08:27+00:00\" \/>\n<meta name=\"twitter:card\" content=\"summary_large_image\" \/>\n<meta name=\"twitter:label1\" content=\"Gesch\u00e4tzte Lesezeit\" \/>\n\t<meta name=\"twitter:data1\" content=\"1\u00a0Minute\" \/>\n<script type=\"application\/ld+json\" class=\"yoast-schema-graph\">{\"@context\":\"https:\/\/schema.org\",\"@graph\":[{\"@type\":\"WebPage\",\"@id\":\"https:\/\/oleahomeopathica.com\/de\/kundenbetreuung\/\",\"url\":\"https:\/\/oleahomeopathica.com\/de\/kundenbetreuung\/\",\"name\":\"Kundenbetreuung - Olea Homeopathica\",\"isPartOf\":{\"@id\":\"https:\/\/oleahomeopathica.com\/#website\"},\"datePublished\":\"2021-09-10T08:10:09+00:00\",\"dateModified\":\"2022-07-21T09:08:27+00:00\",\"breadcrumb\":{\"@id\":\"https:\/\/oleahomeopathica.com\/de\/kundenbetreuung\/#breadcrumb\"},\"inLanguage\":\"de\",\"potentialAction\":[{\"@type\":\"ReadAction\",\"target\":[\"https:\/\/oleahomeopathica.com\/de\/kundenbetreuung\/\"]}]},{\"@type\":\"BreadcrumbList\",\"@id\":\"https:\/\/oleahomeopathica.com\/de\/kundenbetreuung\/#breadcrumb\",\"itemListElement\":[{\"@type\":\"ListItem\",\"position\":1,\"name\":\"Home\",\"item\":\"https:\/\/oleahomeopathica.com\/de\/\"},{\"@type\":\"ListItem\",\"position\":2,\"name\":\"Kundenbetreuung\"}]},{\"@type\":\"WebSite\",\"@id\":\"https:\/\/oleahomeopathica.com\/#website\",\"url\":\"https:\/\/oleahomeopathica.com\/\",\"name\":\"Olea Homeopathica\",\"description\":\"beyond organic farming\",\"publisher\":{\"@id\":\"https:\/\/oleahomeopathica.com\/#organization\"},\"potentialAction\":[{\"@type\":\"SearchAction\",\"target\":{\"@type\":\"EntryPoint\",\"urlTemplate\":\"https:\/\/oleahomeopathica.com\/?s={search_term_string}\"},\"query-input\":{\"@type\":\"PropertyValueSpecification\",\"valueRequired\":true,\"valueName\":\"search_term_string\"}}],\"inLanguage\":\"de\"},{\"@type\":\"Organization\",\"@id\":\"https:\/\/oleahomeopathica.com\/#organization\",\"name\":\"Olea Homeopathica\",\"url\":\"https:\/\/oleahomeopathica.com\/\",\"logo\":{\"@type\":\"ImageObject\",\"inLanguage\":\"de\",\"@id\":\"https:\/\/oleahomeopathica.com\/#\/schema\/logo\/image\/\",\"url\":\"https:\/\/oleahomeopathica.com\/wp-content\/uploads\/2021\/07\/Olea-Homeopathica_logo_W.png\",\"contentUrl\":\"https:\/\/oleahomeopathica.com\/wp-content\/uploads\/2021\/07\/Olea-Homeopathica_logo_W.png\",\"width\":531,\"height\":177,\"caption\":\"Olea Homeopathica\"},\"image\":{\"@id\":\"https:\/\/oleahomeopathica.com\/#\/schema\/logo\/image\/\"}}]}<\/script>\n<!-- \/ Yoast SEO plugin. -->","yoast_head_json":{"title":"Kundenbetreuung - Olea Homeopathica","robots":{"index":"index","follow":"follow","max-snippet":"max-snippet:-1","max-image-preview":"max-image-preview:large","max-video-preview":"max-video-preview:-1"},"canonical":"https:\/\/oleahomeopathica.com\/de\/kundenbetreuung\/","og_locale":"de_DE","og_type":"article","og_title":"Kundenbetreuung - Olea Homeopathica","og_description":"[vc_row][vc_column][vc_column_text]Bestellung verfolgen Alle Sendungen k\u00f6nnen online \u00fcber die Website unseres Partners tnt fedex verfolgt werden, unter https:\/\/www.tnt.com\/express\/en_gr\/site\/shipping-tools\/tracking.html Informationen zum Versand Bestellungen, die nach \u00d6sterreich, Belgien, Bulgarien, Frankreich, Deutschland, D\u00e4nemark, Gro\u00dfbritannien, Irland, Spanien, Italien, Zypern, Luxemburg, Niederlande, Ungarn, Polen, Portugal, Rum\u00e4nien, Slowakei, Schweden, Tschechische Republik und Finnland versandt werden, werden per Kurier (TNT &#8211; FedEx Economy...","og_url":"https:\/\/oleahomeopathica.com\/de\/kundenbetreuung\/","og_site_name":"Olea Homeopathica","article_modified_time":"2022-07-21T09:08:27+00:00","twitter_card":"summary_large_image","twitter_misc":{"Gesch\u00e4tzte Lesezeit":"1\u00a0Minute"},"schema":{"@context":"https:\/\/schema.org","@graph":[{"@type":"WebPage","@id":"https:\/\/oleahomeopathica.com\/de\/kundenbetreuung\/","url":"https:\/\/oleahomeopathica.com\/de\/kundenbetreuung\/","name":"Kundenbetreuung - Olea Homeopathica","isPartOf":{"@id":"https:\/\/oleahomeopathica.com\/#website"},"datePublished":"2021-09-10T08:10:09+00:00","dateModified":"2022-07-21T09:08:27+00:00","breadcrumb":{"@id":"https:\/\/oleahomeopathica.com\/de\/kundenbetreuung\/#breadcrumb"},"inLanguage":"de","potentialAction":[{"@type":"ReadAction","target":["https:\/\/oleahomeopathica.com\/de\/kundenbetreuung\/"]}]},{"@type":"BreadcrumbList","@id":"https:\/\/oleahomeopathica.com\/de\/kundenbetreuung\/#breadcrumb","itemListElement":[{"@type":"ListItem","position":1,"name":"Home","item":"https:\/\/oleahomeopathica.com\/de\/"},{"@type":"ListItem","position":2,"name":"Kundenbetreuung"}]},{"@type":"WebSite","@id":"https:\/\/oleahomeopathica.com\/#website","url":"https:\/\/oleahomeopathica.com\/","name":"Olea Homeopathica","description":"beyond organic farming","publisher":{"@id":"https:\/\/oleahomeopathica.com\/#organization"},"potentialAction":[{"@type":"SearchAction","target":{"@type":"EntryPoint","urlTemplate":"https:\/\/oleahomeopathica.com\/?s={search_term_string}"},"query-input":{"@type":"PropertyValueSpecification","valueRequired":true,"valueName":"search_term_string"}}],"inLanguage":"de"},{"@type":"Organization","@id":"https:\/\/oleahomeopathica.com\/#organization","name":"Olea Homeopathica","url":"https:\/\/oleahomeopathica.com\/","logo":{"@type":"ImageObject","inLanguage":"de","@id":"https:\/\/oleahomeopathica.com\/#\/schema\/logo\/image\/","url":"https:\/\/oleahomeopathica.com\/wp-content\/uploads\/2021\/07\/Olea-Homeopathica_logo_W.png","contentUrl":"https:\/\/oleahomeopathica.com\/wp-content\/uploads\/2021\/07\/Olea-Homeopathica_logo_W.png","width":531,"height":177,"caption":"Olea Homeopathica"},"image":{"@id":"https:\/\/oleahomeopathica.com\/#\/schema\/logo\/image\/"}}]}},"_links":{"self":[{"href":"https:\/\/oleahomeopathica.com\/de\/wp-json\/wp\/v2\/pages\/2251","targetHints":{"allow":["GET"]}}],"collection":[{"href":"https:\/\/oleahomeopathica.com\/de\/wp-json\/wp\/v2\/pages"}],"about":[{"href":"https:\/\/oleahomeopathica.com\/de\/wp-json\/wp\/v2\/types\/page"}],"author":[{"embeddable":true,"href":"https:\/\/oleahomeopathica.com\/de\/wp-json\/wp\/v2\/users\/1"}],"replies":[{"embeddable":true,"href":"https:\/\/oleahomeopathica.com\/de\/wp-json\/wp\/v2\/comments?post=2251"}],"version-history":[{"count":0,"href":"https:\/\/oleahomeopathica.com\/de\/wp-json\/wp\/v2\/pages\/2251\/revisions"}],"wp:attachment":[{"href":"https:\/\/oleahomeopathica.com\/de\/wp-json\/wp\/v2\/media?parent=2251"}],"curies":[{"name":"wp","href":"https:\/\/api.w.org\/{rel}","templated":true}]}}