{"id":2223,"date":"2016-03-02T11:41:57","date_gmt":"2016-03-02T09:41:57","guid":{"rendered":"https:\/\/oleahomeopathica.com\/ueber\/"},"modified":"2022-07-20T16:30:32","modified_gmt":"2022-07-20T14:30:32","slug":"ueber","status":"publish","type":"page","link":"https:\/\/oleahomeopathica.com\/de\/ueber\/","title":{"rendered":"\u00dcber"},"content":{"rendered":"<p>[vc_row full_width=&#8221;stretch_row_content&#8221; gap=&#8221;35&#8243; css=&#8221;.vc_custom_1590001410007{margin-top: 50px !important;}&#8221;][vc_column width=&#8221;1\/2&#8243; css=&#8221;.vc_custom_1625505091888{margin-bottom: 0px !important;}&#8221;][vc_column_text]<code id=\"soliloquy-shortcode-2017\">[soliloquy id=\"2017\"]<\/code>[\/vc_column_text][\/vc_column][vc_column width=&#8221;1\/2&#8243; css=&#8221;.vc_custom_1590004735606{padding-left: 50px !important;}&#8221; smallbbresponsive=&#8221;.bb_custom_1590004735608{padding-left:0px!important;}&#8221; mediumbbresponsive=&#8221;.bb_custom_1590004735610{padding-left:0px!important;}&#8221;][vc_custom_heading text=&#8221;Der Hom\u00f6opath hinter der Idee&#8221; font_container=&#8221;tag:h2|font_size:3rem|text_align:left|line_height:1em&#8221; use_theme_fonts=&#8221;yes&#8221; css_animation=&#8221;right-to-left&#8221; mobile_font_size=&#8221;2.5rem&#8221; mobile_line_height=&#8221;1.2em&#8221; css=&#8221;.vc_custom_1633020065850{margin-top: -5px !important;margin-bottom: 20px !important;}&#8221; bb_tab_container=&#8221;&#8221;][vc_column_text css_animation=&#8221;right-to-left&#8221;]<\/p>\n<div class=\"entry-content\">\n<p>Nikolaos Skarvelakis<\/p>\n<p>Heilpraktiker (Landkreis Breisgau-Hochschwarzwald)<\/p>\n<p>Hom\u00f6opath (Akademie f\u00fcr Hom\u00f6opathie in Gauting)<\/p>\n<p>Kurse in der Internationalen Akademie f\u00fcr Klassische Hom\u00f6opathie in Allonissos<\/p>\n<p>Von 2008 bis 2010 arbeitete er in Dingolfing, Deutschland.<\/p>\n<p>Seit 2010 arbeitet er in Heraklion, Kreta, Griechenland.<\/p>\n<\/div>\n<p>[\/vc_column_text][\/vc_column][\/vc_row]<\/p>\n","protected":false},"excerpt":{"rendered":"<p>[vc_row full_width=&#8221;stretch_row_content&#8221; gap=&#8221;35&#8243; css=&#8221;.vc_custom_1590001410007{margin-top: 50px !important;}&#8221;][vc_column width=&#8221;1\/2&#8243; css=&#8221;.vc_custom_1625505091888{margin-bottom: 0px !important;}&#8221;][vc_column_text][soliloquy id=&#8221;2017&#8243;][\/vc_column_text][\/vc_column][vc_column width=&#8221;1\/2&#8243; css=&#8221;.vc_custom_1590004735606{padding-left: 50px !important;}&#8221; smallbbresponsive=&#8221;.bb_custom_1590004735608{padding-left:0px!important;}&#8221; mediumbbresponsive=&#8221;.bb_custom_1590004735610{padding-left:0px!important;}&#8221;][vc_custom_heading text=&#8221;Der Hom\u00f6opath hinter der Idee&#8221; font_container=&#8221;tag:h2|font_size:3rem|text_align:left|line_height:1em&#8221; use_theme_fonts=&#8221;yes&#8221; css_animation=&#8221;right-to-left&#8221; mobile_font_size=&#8221;2.5rem&#8221; mobile_line_height=&#8221;1.2em&#8221; css=&#8221;.vc_custom_1633020065850{margin-top: -5px !important;margin-bottom: 20px !important;}&#8221; bb_tab_container=&#8221;&#8221;][vc_column_text css_animation=&#8221;right-to-left&#8221;] Nikolaos Skarvelakis Heilpraktiker (Landkreis Breisgau-Hochschwarzwald) Hom\u00f6opath (Akademie f\u00fcr Hom\u00f6opathie in Gauting) Kurse in der Internationalen Akademie f\u00fcr Klassische Hom\u00f6opathie in Allonissos&#8230;<\/p>\n","protected":false},"author":1,"featured_media":0,"parent":0,"menu_order":0,"comment_status":"closed","ping_status":"closed","template":"page-templates\/page-custom.php","meta":{"footnotes":""},"class_list":["post-2223","page","type-page","status-publish","hentry"],"yoast_head":"<!-- This site is optimized with the Yoast SEO plugin v27.1.1 - https:\/\/yoast.com\/product\/yoast-seo-wordpress\/ -->\n<title>\u00dcber - Olea Homeopathica<\/title>\n<meta name=\"robots\" content=\"index, follow, max-snippet:-1, max-image-preview:large, max-video-preview:-1\" \/>\n<link rel=\"canonical\" href=\"https:\/\/oleahomeopathica.com\/de\/ueber\/\" \/>\n<meta property=\"og:locale\" content=\"de_DE\" \/>\n<meta property=\"og:type\" content=\"article\" \/>\n<meta property=\"og:title\" content=\"\u00dcber - Olea Homeopathica\" \/>\n<meta property=\"og:description\" content=\"[vc_row full_width=&#8221;stretch_row_content&#8221; gap=&#8221;35&#8243; css=&#8221;.vc_custom_1590001410007{margin-top: 50px !important;}&#8221;][vc_column width=&#8221;1\/2&#8243; css=&#8221;.vc_custom_1625505091888{margin-bottom: 0px !important;}&#8221;][vc_column_text][soliloquy id=&quot;2017&quot;][\/vc_column_text][\/vc_column][vc_column width=&#8221;1\/2&#8243; css=&#8221;.vc_custom_1590004735606{padding-left: 50px !important;}&#8221; smallbbresponsive=&#8221;.bb_custom_1590004735608{padding-left:0px!important;}&#8221; mediumbbresponsive=&#8221;.bb_custom_1590004735610{padding-left:0px!important;}&#8221;][vc_custom_heading text=&#8221;Der Hom\u00f6opath hinter der Idee&#8221; font_container=&#8221;tag:h2|font_size:3rem|text_align:left|line_height:1em&#8221; use_theme_fonts=&#8221;yes&#8221; css_animation=&#8221;right-to-left&#8221; mobile_font_size=&#8221;2.5rem&#8221; mobile_line_height=&#8221;1.2em&#8221; css=&#8221;.vc_custom_1633020065850{margin-top: -5px !important;margin-bottom: 20px !important;}&#8221; bb_tab_container=&#8221;&#8221;][vc_column_text css_animation=&#8221;right-to-left&#8221;] Nikolaos Skarvelakis Heilpraktiker (Landkreis Breisgau-Hochschwarzwald) Hom\u00f6opath (Akademie f\u00fcr Hom\u00f6opathie in Gauting) Kurse in der Internationalen Akademie f\u00fcr Klassische Hom\u00f6opathie in Allonissos...\" \/>\n<meta property=\"og:url\" content=\"https:\/\/oleahomeopathica.com\/de\/ueber\/\" \/>\n<meta property=\"og:site_name\" content=\"Olea Homeopathica\" \/>\n<meta property=\"article:modified_time\" content=\"2022-07-20T14:30:32+00:00\" \/>\n<meta name=\"twitter:card\" content=\"summary_large_image\" \/>\n<meta name=\"twitter:label1\" content=\"Gesch\u00e4tzte Lesezeit\" \/>\n\t<meta name=\"twitter:data1\" content=\"1\u00a0Minute\" \/>\n<script type=\"application\/ld+json\" class=\"yoast-schema-graph\">{\"@context\":\"https:\/\/schema.org\",\"@graph\":[{\"@type\":\"WebPage\",\"@id\":\"https:\/\/oleahomeopathica.com\/de\/ueber\/\",\"url\":\"https:\/\/oleahomeopathica.com\/de\/ueber\/\",\"name\":\"\u00dcber - Olea Homeopathica\",\"isPartOf\":{\"@id\":\"https:\/\/oleahomeopathica.com\/#website\"},\"datePublished\":\"2016-03-02T09:41:57+00:00\",\"dateModified\":\"2022-07-20T14:30:32+00:00\",\"breadcrumb\":{\"@id\":\"https:\/\/oleahomeopathica.com\/de\/ueber\/#breadcrumb\"},\"inLanguage\":\"de\",\"potentialAction\":[{\"@type\":\"ReadAction\",\"target\":[\"https:\/\/oleahomeopathica.com\/de\/ueber\/\"]}]},{\"@type\":\"BreadcrumbList\",\"@id\":\"https:\/\/oleahomeopathica.com\/de\/ueber\/#breadcrumb\",\"itemListElement\":[{\"@type\":\"ListItem\",\"position\":1,\"name\":\"Home\",\"item\":\"https:\/\/oleahomeopathica.com\/de\/\"},{\"@type\":\"ListItem\",\"position\":2,\"name\":\"\u00dcber\"}]},{\"@type\":\"WebSite\",\"@id\":\"https:\/\/oleahomeopathica.com\/#website\",\"url\":\"https:\/\/oleahomeopathica.com\/\",\"name\":\"Olea Homeopathica\",\"description\":\"beyond organic farming\",\"publisher\":{\"@id\":\"https:\/\/oleahomeopathica.com\/#organization\"},\"potentialAction\":[{\"@type\":\"SearchAction\",\"target\":{\"@type\":\"EntryPoint\",\"urlTemplate\":\"https:\/\/oleahomeopathica.com\/?s={search_term_string}\"},\"query-input\":{\"@type\":\"PropertyValueSpecification\",\"valueRequired\":true,\"valueName\":\"search_term_string\"}}],\"inLanguage\":\"de\"},{\"@type\":\"Organization\",\"@id\":\"https:\/\/oleahomeopathica.com\/#organization\",\"name\":\"Olea Homeopathica\",\"url\":\"https:\/\/oleahomeopathica.com\/\",\"logo\":{\"@type\":\"ImageObject\",\"inLanguage\":\"de\",\"@id\":\"https:\/\/oleahomeopathica.com\/#\/schema\/logo\/image\/\",\"url\":\"https:\/\/oleahomeopathica.com\/wp-content\/uploads\/2021\/07\/Olea-Homeopathica_logo_W.png\",\"contentUrl\":\"https:\/\/oleahomeopathica.com\/wp-content\/uploads\/2021\/07\/Olea-Homeopathica_logo_W.png\",\"width\":531,\"height\":177,\"caption\":\"Olea Homeopathica\"},\"image\":{\"@id\":\"https:\/\/oleahomeopathica.com\/#\/schema\/logo\/image\/\"}}]}<\/script>\n<!-- \/ Yoast SEO plugin. -->","yoast_head_json":{"title":"\u00dcber - Olea Homeopathica","robots":{"index":"index","follow":"follow","max-snippet":"max-snippet:-1","max-image-preview":"max-image-preview:large","max-video-preview":"max-video-preview:-1"},"canonical":"https:\/\/oleahomeopathica.com\/de\/ueber\/","og_locale":"de_DE","og_type":"article","og_title":"\u00dcber - Olea Homeopathica","og_description":"[vc_row full_width=&#8221;stretch_row_content&#8221; gap=&#8221;35&#8243; css=&#8221;.vc_custom_1590001410007{margin-top: 50px !important;}&#8221;][vc_column width=&#8221;1\/2&#8243; css=&#8221;.vc_custom_1625505091888{margin-bottom: 0px !important;}&#8221;][vc_column_text][soliloquy id=\"2017\"][\/vc_column_text][\/vc_column][vc_column width=&#8221;1\/2&#8243; css=&#8221;.vc_custom_1590004735606{padding-left: 50px !important;}&#8221; smallbbresponsive=&#8221;.bb_custom_1590004735608{padding-left:0px!important;}&#8221; mediumbbresponsive=&#8221;.bb_custom_1590004735610{padding-left:0px!important;}&#8221;][vc_custom_heading text=&#8221;Der Hom\u00f6opath hinter der Idee&#8221; font_container=&#8221;tag:h2|font_size:3rem|text_align:left|line_height:1em&#8221; use_theme_fonts=&#8221;yes&#8221; css_animation=&#8221;right-to-left&#8221; mobile_font_size=&#8221;2.5rem&#8221; mobile_line_height=&#8221;1.2em&#8221; css=&#8221;.vc_custom_1633020065850{margin-top: -5px !important;margin-bottom: 20px !important;}&#8221; bb_tab_container=&#8221;&#8221;][vc_column_text css_animation=&#8221;right-to-left&#8221;] Nikolaos Skarvelakis Heilpraktiker (Landkreis Breisgau-Hochschwarzwald) Hom\u00f6opath (Akademie f\u00fcr Hom\u00f6opathie in Gauting) Kurse in der Internationalen Akademie f\u00fcr Klassische Hom\u00f6opathie in Allonissos...","og_url":"https:\/\/oleahomeopathica.com\/de\/ueber\/","og_site_name":"Olea Homeopathica","article_modified_time":"2022-07-20T14:30:32+00:00","twitter_card":"summary_large_image","twitter_misc":{"Gesch\u00e4tzte Lesezeit":"1\u00a0Minute"},"schema":{"@context":"https:\/\/schema.org","@graph":[{"@type":"WebPage","@id":"https:\/\/oleahomeopathica.com\/de\/ueber\/","url":"https:\/\/oleahomeopathica.com\/de\/ueber\/","name":"\u00dcber - Olea Homeopathica","isPartOf":{"@id":"https:\/\/oleahomeopathica.com\/#website"},"datePublished":"2016-03-02T09:41:57+00:00","dateModified":"2022-07-20T14:30:32+00:00","breadcrumb":{"@id":"https:\/\/oleahomeopathica.com\/de\/ueber\/#breadcrumb"},"inLanguage":"de","potentialAction":[{"@type":"ReadAction","target":["https:\/\/oleahomeopathica.com\/de\/ueber\/"]}]},{"@type":"BreadcrumbList","@id":"https:\/\/oleahomeopathica.com\/de\/ueber\/#breadcrumb","itemListElement":[{"@type":"ListItem","position":1,"name":"Home","item":"https:\/\/oleahomeopathica.com\/de\/"},{"@type":"ListItem","position":2,"name":"\u00dcber"}]},{"@type":"WebSite","@id":"https:\/\/oleahomeopathica.com\/#website","url":"https:\/\/oleahomeopathica.com\/","name":"Olea Homeopathica","description":"beyond organic farming","publisher":{"@id":"https:\/\/oleahomeopathica.com\/#organization"},"potentialAction":[{"@type":"SearchAction","target":{"@type":"EntryPoint","urlTemplate":"https:\/\/oleahomeopathica.com\/?s={search_term_string}"},"query-input":{"@type":"PropertyValueSpecification","valueRequired":true,"valueName":"search_term_string"}}],"inLanguage":"de"},{"@type":"Organization","@id":"https:\/\/oleahomeopathica.com\/#organization","name":"Olea Homeopathica","url":"https:\/\/oleahomeopathica.com\/","logo":{"@type":"ImageObject","inLanguage":"de","@id":"https:\/\/oleahomeopathica.com\/#\/schema\/logo\/image\/","url":"https:\/\/oleahomeopathica.com\/wp-content\/uploads\/2021\/07\/Olea-Homeopathica_logo_W.png","contentUrl":"https:\/\/oleahomeopathica.com\/wp-content\/uploads\/2021\/07\/Olea-Homeopathica_logo_W.png","width":531,"height":177,"caption":"Olea Homeopathica"},"image":{"@id":"https:\/\/oleahomeopathica.com\/#\/schema\/logo\/image\/"}}]}},"_links":{"self":[{"href":"https:\/\/oleahomeopathica.com\/de\/wp-json\/wp\/v2\/pages\/2223","targetHints":{"allow":["GET"]}}],"collection":[{"href":"https:\/\/oleahomeopathica.com\/de\/wp-json\/wp\/v2\/pages"}],"about":[{"href":"https:\/\/oleahomeopathica.com\/de\/wp-json\/wp\/v2\/types\/page"}],"author":[{"embeddable":true,"href":"https:\/\/oleahomeopathica.com\/de\/wp-json\/wp\/v2\/users\/1"}],"replies":[{"embeddable":true,"href":"https:\/\/oleahomeopathica.com\/de\/wp-json\/wp\/v2\/comments?post=2223"}],"version-history":[{"count":0,"href":"https:\/\/oleahomeopathica.com\/de\/wp-json\/wp\/v2\/pages\/2223\/revisions"}],"wp:attachment":[{"href":"https:\/\/oleahomeopathica.com\/de\/wp-json\/wp\/v2\/media?parent=2223"}],"curies":[{"name":"wp","href":"https:\/\/api.w.org\/{rel}","templated":true}]}}